{"id":7,"date":"2025-07-16T00:52:42","date_gmt":"2025-07-15T22:52:42","guid":{"rendered":"https:\/\/www.jpsandonis.com\/?page_id=7"},"modified":"2025-09-23T23:50:31","modified_gmt":"2025-09-23T21:50:31","slug":"acerca-de","status":"publish","type":"page","link":"https:\/\/www.jpsandonis.com\/index.php\/acerca-de\/","title":{"rendered":"Acerca de &#8230;"},"content":{"rendered":"\n<div class=\"wp-block-cover alignfull is-light has-contrast-color has-text-color has-link-color wp-elements-479e49a88977a9656526f8f8540baffe\" style=\"margin-top:0;margin-bottom:0;padding-top:var(--wp--preset--spacing--60);padding-right:var(--wp--preset--spacing--50);padding-bottom:var(--wp--preset--spacing--60);padding-left:var(--wp--preset--spacing--50)\"><span aria-hidden=\"true\" class=\"wp-block-cover__background has-base-background-color has-background-dim-100 has-background-dim\"><\/span><div class=\"wp-block-cover__inner-container is-layout-constrained wp-container-core-cover-is-layout-873ee6b1 wp-block-cover-is-layout-constrained\">\n<div class=\"wp-block-columns alignwide is-layout-flex wp-container-core-columns-is-layout-7ee84d44 wp-block-columns-is-layout-flex\">\n<div class=\"wp-block-column is-layout-flow wp-block-column-is-layout-flow\" style=\"flex-basis:65%\">\n<div class=\"wp-block-group is-vertical is-content-justification-stretch is-layout-flex wp-container-core-group-is-layout-353c4f5a wp-block-group-is-layout-flex\">\n<h1 class=\"wp-block-heading has-text-align-left\" style=\"font-size:clamp(4.509rem, 4.509rem + ((1vw - 0.2rem) * 9.55), 10rem);font-style:normal;font-weight:300;letter-spacing:-0.03em;line-height:1.4\">Hola,<\/h1>\n\n\n\n<p class=\"is-style-text-subtitle\">soy Jordi P\u00e9rez, un ingeniero inform\u00e1tico nacido en Girona a principios de la d\u00e9cada de los 80. De peque\u00f1o me apasionaba todo lo relacionado con los ordenadores, los videojuegos, la ciencia-ficci\u00f3n y el cine. Pas\u00e9 much\u00edsimas horas jugando, viendo pelis, aprendiendo sobre tecnolog\u00eda, imaginando y so\u00f1ando. Esto me llev\u00f3 a estudiar inform\u00e1tica en la universidad y posteriormente sacarme un m\u00e1ster en desarrollo m\u00f3vil y otro en desarrollo de videojuegos. Esas pasiones de la ni\u00f1ez han estado presentes a lo largo de mi vida influy\u00e9ndome en lo acad\u00e9mico, en lo laboral y en lo personal. Y, de hecho, son el motor de este blog. Aqu\u00ed encontrar\u00e1s informaci\u00f3n sobre mis proyectos, hobbies y a saber qu\u00e9 m\u00e1s. Espero que disfrutes de tu visita.<\/p>\n<\/div>\n<\/div>\n\n\n\n<div class=\"wp-block-column is-layout-flow wp-block-column-is-layout-flow\" style=\"flex-basis:35%\">\n<div class=\"wp-block-group is-vertical is-content-justification-stretch is-nowrap is-layout-flex wp-container-core-group-is-layout-73b0033c wp-block-group-is-layout-flex\">\n<figure class=\"wp-block-image size-full\"><img loading=\"lazy\" decoding=\"async\" width=\"276\" height=\"420\" src=\"https:\/\/www.jpsandonis.com\/wp-content\/uploads\/2025\/07\/jordi-oric.jpg\" alt=\"\" class=\"wp-image-8\" style=\"aspect-ratio:3\/4;object-fit:cover\" srcset=\"https:\/\/www.jpsandonis.com\/wp-content\/uploads\/2025\/07\/jordi-oric.jpg 276w, https:\/\/www.jpsandonis.com\/wp-content\/uploads\/2025\/07\/jordi-oric-197x300.jpg 197w\" sizes=\"auto, (max-width: 276px) 100vw, 276px\" \/><figcaption class=\"wp-element-caption\">Yo en los 80 trasteando con un ORIC-1 de mi t\u00edo<\/figcaption><\/figure>\n\n\n\n<p class=\"has-text-align-right has-x-large-font-size\" style=\"line-height:1.2\"><a href=\"#\">LinkedIn<\/a><\/p>\n<\/div>\n<\/div>\n<\/div>\n<\/div><\/div>\n","protected":false},"excerpt":{"rendered":"","protected":false},"author":1,"featured_media":0,"parent":0,"menu_order":0,"comment_status":"closed","ping_status":"closed","template":"","meta":{"footnotes":""},"class_list":["post-7","page","type-page","status-publish","hentry"],"_links":{"self":[{"href":"https:\/\/www.jpsandonis.com\/index.php\/wp-json\/wp\/v2\/pages\/7","targetHints":{"allow":["GET"]}}],"collection":[{"href":"https:\/\/www.jpsandonis.com\/index.php\/wp-json\/wp\/v2\/pages"}],"about":[{"href":"https:\/\/www.jpsandonis.com\/index.php\/wp-json\/wp\/v2\/types\/page"}],"author":[{"embeddable":true,"href":"https:\/\/www.jpsandonis.com\/index.php\/wp-json\/wp\/v2\/users\/1"}],"replies":[{"embeddable":true,"href":"https:\/\/www.jpsandonis.com\/index.php\/wp-json\/wp\/v2\/comments?post=7"}],"version-history":[{"count":3,"href":"https:\/\/www.jpsandonis.com\/index.php\/wp-json\/wp\/v2\/pages\/7\/revisions"}],"predecessor-version":[{"id":10,"href":"https:\/\/www.jpsandonis.com\/index.php\/wp-json\/wp\/v2\/pages\/7\/revisions\/10"}],"wp:attachment":[{"href":"https:\/\/www.jpsandonis.com\/index.php\/wp-json\/wp\/v2\/media?parent=7"}],"curies":[{"name":"wp","href":"https:\/\/api.w.org\/{rel}","templated":true}]}}